{"id":11694,"date":"2013-01-21T20:24:32","date_gmt":"2013-01-21T20:24:32","guid":{"rendered":"http:\/\/www.very-tasty.com\/products\/?lang=es"},"modified":"2015-07-01T22:54:21","modified_gmt":"2015-07-01T22:54:21","slug":"productos","status":"publish","type":"page","link":"https:\/\/www.very-tasty.com\/es\/productos\/","title":{"rendered":"Productos"},"content":{"rendered":"<body><p><\/p><div class=\"fusion-one-full fusion-layout-column fusion-column-last fusion-spacing-yes\" style=\"margin-top:0px;margin-bottom:20px;\"><div class=\"fusion-column-wrapper\"><p>En <strong>Very Tasty<\/strong> tenemos una amplia variedad de productos con toda la tradici\u00f3n y sabor \u00fanico de Latino Am\u00e9rica. Nuestra cartera de productos incluye Empanadas Argentinas, Colombianas, Cubanas y Venezolanas en distintas presentaciones de carne, pollo, jam\u00f3n, queso o espinaca. Igualmente ofrecemos el delicioso Pandebono, el apetitoso teque\u00f1o, as\u00ed como la Arepa de Ma\u00edz.<\/p>\n<p>Todos nuestros productos adem\u00e1s de ser saludables y de alta calidad son f\u00e1ciles y r\u00e1pidos de preparar.<\/p>\n<\/div><\/div><div class=\"fusion-clearfix\"><\/div><div class=\"fusion-one-full fusion-layout-column fusion-column-last fusion-spacing-yes\" style=\"margin-top:0px;margin-bottom:20px;\"><div class=\"fusion-column-wrapper\"><\/p>\n<h2 style=\"text-align: center;\">Empanadas Argentinas<\/h2>\n<p>Producto exquisito siguiendo la larga tradici\u00f3n de empanadas en Argentina. La masa est\u00e1 hecha con harina de trigo y el relleno es de carne, pollo, jam\u00f3n y queso, o espinaca m\u00e1s distintos aderezos como cebolla, piment\u00f3n, tomate, aceituna, huevo, sal, paprika, comino y pimienta. La masa hojaldrada le da una textura \u00fanica que la distingue de otros productos en el mercado. Producto horneado f\u00e1cil y r\u00e1pido de calentar.<\/p>\n<p><img decoding=\"async\" class=\" size-full wp-image-11688 aligncenter\" src=\"http:\/\/www.very-tasty.com\/wp-content\/uploads\/2013\/01\/Empanadas_Aargentinas.jpg\" alt=\"empanadas-argentinas\" width=\"630\" height=\"276\" loading=\"lazy\" srcset=\"https:\/\/www.very-tasty.com\/wp-content\/uploads\/2013\/01\/Empanadas_Aargentinas.jpg 630w, https:\/\/www.very-tasty.com\/wp-content\/uploads\/2013\/01\/Empanadas_Aargentinas-300x131.jpg 300w\" sizes=\"auto, (max-width: 630px) 100vw, 630px\" \/><\/p>\n<\/div><\/div><div class=\"fusion-clearfix\"><\/div><div class=\"fusion-one-full fusion-layout-column fusion-column-last fusion-spacing-yes\" style=\"margin-top:0px;margin-bottom:20px;\"><div class=\"fusion-column-wrapper\"><\/p>\n<h2 style=\"text-align: center;\">Empanadas Colombiana<\/h2>\n<p>Como en Argentina, cada regi\u00f3n en Colombia tiene su empanada. Nuestra empanada Colombiana est\u00e1 elaborada con masa de harina de ma\u00edz y con un relleno de papa con carne, pollo o queso. Es un producto frito y crujiente con excelente calidad el cual es consumido regularmente con el t\u00edpico \u201cAj\u00ed\u201d Colombiano.<\/p>\n<p>Las empanadas Colombianas se consiguen en cafeter\u00edas, restaurantes o supermercados para acompa\u00f1ar una taza de caf\u00e9 o un refresco en el desayuno, la merienda o la cena. En los \u00faltimos tiempos se han vuelto una forma de comida r\u00e1pida alternativa, econ\u00f3mica, saludable y f\u00e1cil de preparar.<\/p>\n<p><img decoding=\"async\" class=\" size-full wp-image-11689 aligncenter\" src=\"http:\/\/www.very-tasty.com\/wp-content\/uploads\/2013\/01\/Empanadas_Colombianas.jpg\" alt=\"empandas-colombianas\" width=\"630\" height=\"276\" loading=\"lazy\" srcset=\"https:\/\/www.very-tasty.com\/wp-content\/uploads\/2013\/01\/Empanadas_Colombianas.jpg 630w, https:\/\/www.very-tasty.com\/wp-content\/uploads\/2013\/01\/Empanadas_Colombianas-300x131.jpg 300w\" sizes=\"auto, (max-width: 630px) 100vw, 630px\" \/><\/p>\n<\/div><\/div><div class=\"fusion-clearfix\"><\/div><div class=\"fusion-one-full fusion-layout-column fusion-column-last fusion-spacing-yes\" style=\"margin-top:0px;margin-bottom:20px;\"><div class=\"fusion-column-wrapper\"><\/p>\n<h2 style=\"text-align: center;\">Empanadas Venezolanas<\/h2>\n<p>La empanada Venezolana se hace con la masa de harina de ma\u00edz precocido. Esta rellena de carne, pollo, o queso. Es ligeramente m\u00e1s grande que la empanada Argentina y Colombiana y tiene su sabor caracter\u00edstico que tanto gusta en el mercado. Las empanadas son unos de los principales alimentos que se venden en cafeter\u00edas y panader\u00edas principalmente en horas de la ma\u00f1ana para el desayuno o en la cena. Normalmente se acompa\u00f1an con guasacaca y salsas picantes.<\/p>\n<\/div><\/div><div class=\"fusion-clearfix\"><\/div><div class=\"fusion-one-full fusion-layout-column fusion-column-last fusion-spacing-yes\" style=\"margin-top:0px;margin-bottom:20px;\"><div class=\"fusion-column-wrapper\"><\/p>\n<h2 style=\"text-align: center;\">Empanada Cubana<\/h2>\n<p>Producto elaborado con harina de trigo y relleno de carne, pollo o jam\u00f3n y queso perfectamente horneado para su disfrute. Los Cubanos las llaman \u201cempanaditas\u201d y las comen en cualquier momento del d\u00eda, usualmente en el almuerzo o como \u201csnack\u201d.<\/p>\n<p><img decoding=\"async\" class=\" size-full wp-image-11690 aligncenter\" src=\"http:\/\/www.very-tasty.com\/wp-content\/uploads\/2013\/01\/Empanadas_Cubanas.jpg\" alt=\"cuban-empanadas\" width=\"630\" height=\"276\" loading=\"lazy\" srcset=\"https:\/\/www.very-tasty.com\/wp-content\/uploads\/2013\/01\/Empanadas_Cubanas.jpg 630w, https:\/\/www.very-tasty.com\/wp-content\/uploads\/2013\/01\/Empanadas_Cubanas-300x131.jpg 300w\" sizes=\"auto, (max-width: 630px) 100vw, 630px\" \/><\/p>\n<\/div><\/div><div class=\"fusion-clearfix\"><\/div><div class=\"fusion-one-full fusion-layout-column fusion-column-last fusion-spacing-yes\" style=\"margin-top:0px;margin-bottom:20px;\"><div class=\"fusion-column-wrapper\"><\/p>\n<h2 style=\"text-align: center;\">Teque\u00f1os<\/h2>\n<p>Producto t\u00edpico Venezolano, elaborado a mano, consiste en un pedazo de queso Blanco enrolladlo en una tira de masa de harina de trigo que en combinaci\u00f3n con el queso hace un delicioso bocado usado como aperitivo o \u201csnack\u201d. El producto es frito pero no es grasoso.<\/p>\n<p>El Teque\u00f1o es uno de los productos m\u00e1s populares en Venezuela y se usa en fiestas, bodas, desayunos o meriendas y es disfrutado por ni\u00f1os y adultos. En otros pa\u00edses, como Colombia, es conocido como Dedito de Queso. Los Teque\u00f1os est\u00e1n ganando fama mundial.<\/p>\n<p><img decoding=\"async\" class=\" size-full wp-image-11691 aligncenter\" src=\"http:\/\/www.very-tasty.com\/wp-content\/uploads\/2013\/01\/Tequenos_Venezolanos.jpg\" alt=\"tequenos-venezolanos\" width=\"630\" height=\"276\" loading=\"lazy\" srcset=\"https:\/\/www.very-tasty.com\/wp-content\/uploads\/2013\/01\/Tequenos_Venezolanos.jpg 630w, https:\/\/www.very-tasty.com\/wp-content\/uploads\/2013\/01\/Tequenos_Venezolanos-300x131.jpg 300w\" sizes=\"auto, (max-width: 630px) 100vw, 630px\" \/><\/p>\n<\/div><\/div><div class=\"fusion-clearfix\"><\/div><div class=\"fusion-one-full fusion-layout-column fusion-column-last fusion-spacing-yes\" style=\"margin-top:0px;margin-bottom:20px;\"><div class=\"fusion-column-wrapper\"><\/p>\n<h2 style=\"text-align: center;\">Pandebono<\/h2>\n<p>Producto elaborado a base de almid\u00f3n de yuca y queso. SIN GLUTEN ni colesterol. F\u00e1cil de hornear o calentar. Su especial elaboraci\u00f3n proviene de una regi\u00f3n gastron\u00f3mica colombiana que har\u00e1 deleitar a sus clientes con un sabor casero e inolvidable. Es apropiado para desayunos y meriendas, acompa\u00f1ado con un rico chocolate para cualquier ocasi\u00f3n.<\/p>\n<p><img decoding=\"async\" class=\" size-full wp-image-11692 aligncenter\" src=\"http:\/\/www.very-tasty.com\/wp-content\/uploads\/2013\/01\/Pandebonos_Colombianos.jpg\" alt=\"pandebonos-colombianos\" width=\"630\" height=\"276\" loading=\"lazy\" srcset=\"https:\/\/www.very-tasty.com\/wp-content\/uploads\/2013\/01\/Pandebonos_Colombianos.jpg 630w, https:\/\/www.very-tasty.com\/wp-content\/uploads\/2013\/01\/Pandebonos_Colombianos-300x131.jpg 300w\" sizes=\"auto, (max-width: 630px) 100vw, 630px\" \/><\/p>\n<\/div><\/div><div class=\"fusion-clearfix\"><\/div><\/p>\n<\/body>","protected":false},"excerpt":{"rendered":"","protected":false},"author":1,"featured_media":0,"parent":0,"menu_order":0,"comment_status":"open","ping_status":"closed","template":"","meta":{"footnotes":""},"class_list":["post-11694","page","type-page","status-publish","hentry"],"_links":{"self":[{"href":"https:\/\/www.very-tasty.com\/es\/wp-json\/wp\/v2\/pages\/11694","targetHints":{"allow":["GET"]}}],"collection":[{"href":"https:\/\/www.very-tasty.com\/es\/wp-json\/wp\/v2\/pages"}],"about":[{"href":"https:\/\/www.very-tasty.com\/es\/wp-json\/wp\/v2\/types\/page"}],"author":[{"embeddable":true,"href":"https:\/\/www.very-tasty.com\/es\/wp-json\/wp\/v2\/users\/1"}],"replies":[{"embeddable":true,"href":"https:\/\/www.very-tasty.com\/es\/wp-json\/wp\/v2\/comments?post=11694"}],"version-history":[{"count":15,"href":"https:\/\/www.very-tasty.com\/es\/wp-json\/wp\/v2\/pages\/11694\/revisions"}],"predecessor-version":[{"id":11798,"href":"https:\/\/www.very-tasty.com\/es\/wp-json\/wp\/v2\/pages\/11694\/revisions\/11798"}],"wp:attachment":[{"href":"https:\/\/www.very-tasty.com\/es\/wp-json\/wp\/v2\/media?parent=11694"}],"curies":[{"name":"wp","href":"https:\/\/api.w.org\/{rel}","templated":true}]}}