{"id":11683,"date":"2013-05-24T20:01:55","date_gmt":"2013-05-24T20:01:55","guid":{"rendered":"http:\/\/www.very-tasty.com\/about\/?lang=es"},"modified":"2015-07-05T17:56:32","modified_gmt":"2015-07-05T17:56:32","slug":"acerca-de-nosotros","status":"publish","type":"page","link":"https:\/\/www.very-tasty.com\/es\/acerca-de-nosotros\/","title":{"rendered":"Acerca de Nosotros"},"content":{"rendered":"<body><div class=\"fusion-one-full fusion-layout-column fusion-column-last fusion-spacing-yes\" style=\"margin-top:0px;margin-bottom:20px;\"><div class=\"fusion-column-wrapper\"><p>En\u00a0<strong>Very Tasty<\/strong>\u00a0tenemos un grupo general que acumula m\u00e1s de 70 a\u00f1os de experiencia profesional en manufactura y distrubuci\u00f3n de productos Hispanos no solo en los Estados Unidos sino tambi\u00e9n en selectos mercados en Latino Am\u00e9rica.<\/p>\n<p>Nuestro objetivo es convertirnos en el productor de y distribuidor de productos Hispanos congelados m\u00e1s grande en el sureste de los Estados Unidos para despu\u00e9s penetrar el resto del continente Americano y los pa\u00edses del Caribe.<\/p>\n<p>Reconocemos que nuestro \u00e9xito se basa en la calidad superior de nuestros productos, la excelente y consistente presentaci\u00f3n de nuestros productos, y un servicio al cliente \u00fanico.<\/p>\n<p style=\"text-align: center;\">Por eso, Very Tasty se gu\u00eda por tres principios:<\/p>\n<div class=\"fusion-sep-clear\"><\/div><div class=\"fusion-separator fusion-full-width-sep sep-none\" style=\"border-color:#e0dede;margin-left: auto;margin-right: auto;margin-top:px;\"><\/div><div class=\"fusion-content-boxes content-boxes columns fusion-columns-3 fusion-content-boxes-1 content-boxes-icon-with-title row content-left\" style=\"margin-top:0px;margin-bottom:60px;\"><div class=\"fusion-column content-box-column content-box-column-1 col-lg-4 col-md-4 col-sm-4\"><div class=\"col content-wrapper\"><div class=\"heading icon-left\"><h2 class=\"content-box-heading\" style=\"font-size: 18px;line-height:20px;\">Alta Calidad<\/h2><\/div><div class=\"fusion-clearfix\"><\/div><div class=\"content-container\"> Nosotros estamos comprometidos a producir los mejores y m\u00e1s aut\u00e9nticos productos Hispanos en el mercado. Por eso solo usamos los mejores ingredientes y NO usamos PRESERVATIVOS ARTIFICIALES. Operamos bajo estrictas normas de un programa de control de riesgos de salud alimenticia (<strong>HACCP<\/strong>) en nuestra planta aprobada por el <strong>USDA<\/strong> y el <strong>FDA<\/strong>.<\/div><\/div><\/div><div class=\"fusion-column content-box-column content-box-column-2 col-lg-4 col-md-4 col-sm-4\"><div class=\"col content-wrapper\"><div class=\"heading icon-left\"><h2 class=\"content-box-heading\" style=\"font-size: 18px;line-height:20px;\">Excelente Presentaci\u00f3n<\/h2><\/div><div class=\"fusion-clearfix\"><\/div><div class=\"content-container\"> No solo hacemos productos de la mas alta calidad, tambi\u00e9n nuestro proceso productivo atreves de peque\u00f1os baches de producci\u00f3n nos asegura una presentaci\u00f3n perfecta y consistente en cada producto.<\/div><\/div><\/div><div class=\"fusion-column content-box-column content-box-column-3 col-lg-4 col-md-4 col-sm-4\"><div class=\"col content-wrapper\"><div class=\"heading icon-left\"><h2 class=\"content-box-heading\" style=\"font-size: 18px;line-height:20px;\">Servicio Superior<\/h2><\/div><div class=\"fusion-clearfix\"><\/div><div class=\"content-container\"> Hacemos un gran esfuerzo en satisfacer nuestros clientes, proveedores, empleados, y hacemos lo posible para exceder sis expectativas consistentemente.<br>\nHacer negocios con nosotros es FACIL. Sabemos lo que hacemos, respetamos a nuestros clientes y proveedores y cumplimos nuestros compromisos.<br>\n<\/div><\/div><\/div><div class=\"fusion-clearfix\"><\/div><div class=\"fusion-clearfix\"><\/div><\/div><\/div><\/div><div class=\"fusion-clearfix\"><\/div>\n<\/body>","protected":false},"excerpt":{"rendered":"","protected":false},"author":1,"featured_media":0,"parent":0,"menu_order":0,"comment_status":"open","ping_status":"closed","template":"","meta":{"footnotes":""},"class_list":["post-11683","page","type-page","status-publish","hentry"],"_links":{"self":[{"href":"https:\/\/www.very-tasty.com\/es\/wp-json\/wp\/v2\/pages\/11683","targetHints":{"allow":["GET"]}}],"collection":[{"href":"https:\/\/www.very-tasty.com\/es\/wp-json\/wp\/v2\/pages"}],"about":[{"href":"https:\/\/www.very-tasty.com\/es\/wp-json\/wp\/v2\/types\/page"}],"author":[{"embeddable":true,"href":"https:\/\/www.very-tasty.com\/es\/wp-json\/wp\/v2\/users\/1"}],"replies":[{"embeddable":true,"href":"https:\/\/www.very-tasty.com\/es\/wp-json\/wp\/v2\/comments?post=11683"}],"version-history":[{"count":12,"href":"https:\/\/www.very-tasty.com\/es\/wp-json\/wp\/v2\/pages\/11683\/revisions"}],"predecessor-version":[{"id":11808,"href":"https:\/\/www.very-tasty.com\/es\/wp-json\/wp\/v2\/pages\/11683\/revisions\/11808"}],"wp:attachment":[{"href":"https:\/\/www.very-tasty.com\/es\/wp-json\/wp\/v2\/media?parent=11683"}],"curies":[{"name":"wp","href":"https:\/\/api.w.org\/{rel}","templated":true}]}}