{"id":11674,"date":"2013-05-24T19:48:46","date_gmt":"2013-05-24T19:48:46","guid":{"rendered":"http:\/\/www.very-tasty.com\/home-version-14-2\/?lang=es"},"modified":"2015-07-05T17:55:28","modified_gmt":"2015-07-05T17:55:28","slug":"home-version-14-2","status":"publish","type":"page","link":"https:\/\/www.very-tasty.com\/es\/","title":{"rendered":"Home"},"content":{"rendered":"<body><div class=\"fusion-fullwidth fullwidth-box fusion-fullwidth-1  fusion-parallax-none\" style=\"border-color:#f6f6f6;border-bottom-width: 0px;border-top-width: 0px;border-bottom-style: solid;border-top-style: solid;padding-bottom:15px;padding-left:0px;padding-right:0px;padding-top:0px;background-color:#fff;background-position:left top;background-repeat:no-repeat;-webkit-background-size:cover;-moz-background-size:cover;-o-background-size:cover;background-size:cover;\"><style type=\"text\/css\" scoped=\"scoped\">.fusion-fullwidth-1 {\n\t\t\t\t\t\t\tpadding-left: 0px !important;\n\t\t\t\t\t\t\tpadding-right: 0px !important;\n\t\t\t\t\t\t}<\/style><div class=\"fusion-row\"><h1 style=\"text-align: center; font-size: 30px !important;\">Bienvenidos a Very Tasty<\/h1>\n<p><strong>Very Tasty LLC<\/strong> es una empresa dedicada a la fabricaci\u00f3n de productos con el sabor autentico y tradicional de Latino Am\u00e9rica. Solamente utilizamos materia prima de la m\u00e1s alta calidad y NO usamos PRESERVATIVOS ARTIFICIALES, por lo que nuestros productos son de la m\u00e1s alta calidad y tienen el autentico sabor tradicional y casero.<\/p>\n<p>Nuestra cartera de productos incluye Empanadas Argentinas, Colombianas, Cubanas y Venezolanas en distintas presentaciones de carne, pollo, jam\u00f3n, queso y espinaca. Igualmente ofrecemos el delicioso Pandebono, el apetitoso Teque\u00f1o, as\u00ed como la Arepa de Ma\u00edz. Todos estos productos adem\u00e1s de ser saludables son f\u00e1ciles y r\u00e1pidos de preparar.<\/p>\n<p>Nuestra planta de manufactura cuenta con todos los permisos sanitarios de USDA y FDA y nos regimos bajo los m\u00e1s estrictos controles de calidad y seguridad alimenticia, por lo que nuestros productos son saludables, de alta calidad y confiabilidad. Poseemos moderna tecnolog\u00eda con alta capacidad de producci\u00f3n pero nuestros productos son elaborados en peque\u00f1os lotes de manera artesanal, manteniendo la consistencia y el sabor tradicional y casero que tanto gusta.<\/p>\n<p>Nuestro compromiso es elevar el nivel de calidad en el mercado de productos Hispanos congelados para que nuestros clientes puedan disfrutar el sabor \u00fanico de nuestros productos y sentir su frescura como reci\u00e9n salido del horno.<\/p>\n<\/div><\/div>\n<\/p><\/body>","protected":false},"excerpt":{"rendered":"","protected":false},"author":1,"featured_media":0,"parent":0,"menu_order":0,"comment_status":"open","ping_status":"closed","template":"100-width.php","meta":{"footnotes":""},"class_list":["post-11674","page","type-page","status-publish","hentry"],"_links":{"self":[{"href":"https:\/\/www.very-tasty.com\/es\/wp-json\/wp\/v2\/pages\/11674","targetHints":{"allow":["GET"]}}],"collection":[{"href":"https:\/\/www.very-tasty.com\/es\/wp-json\/wp\/v2\/pages"}],"about":[{"href":"https:\/\/www.very-tasty.com\/es\/wp-json\/wp\/v2\/types\/page"}],"author":[{"embeddable":true,"href":"https:\/\/www.very-tasty.com\/es\/wp-json\/wp\/v2\/users\/1"}],"replies":[{"embeddable":true,"href":"https:\/\/www.very-tasty.com\/es\/wp-json\/wp\/v2\/comments?post=11674"}],"version-history":[{"count":14,"href":"https:\/\/www.very-tasty.com\/es\/wp-json\/wp\/v2\/pages\/11674\/revisions"}],"predecessor-version":[{"id":11807,"href":"https:\/\/www.very-tasty.com\/es\/wp-json\/wp\/v2\/pages\/11674\/revisions\/11807"}],"wp:attachment":[{"href":"https:\/\/www.very-tasty.com\/es\/wp-json\/wp\/v2\/media?parent=11674"}],"curies":[{"name":"wp","href":"https:\/\/api.w.org\/{rel}","templated":true}]}}